{"id":8,"date":"2023-06-03T11:23:13","date_gmt":"2023-06-03T11:23:13","guid":{"rendered":"https:\/\/cooperativadeaguasj.com.ar\/?page_id=8"},"modified":"2026-02-11T15:32:19","modified_gmt":"2026-02-11T15:32:19","slug":"inicio","status":"publish","type":"page","link":"https:\/\/cooperativadeaguasj.com.ar\/","title":{"rendered":"Inicio"},"content":{"rendered":"<p>[et_pb_section fb_built=\u00bb1&#8243; _builder_version=\u00bb4.22.2&#8243; _module_preset=\u00bbdefault\u00bb background_image=\u00bbhttp:\/\/cooperativadeaguasj.com.ar\/wp-content\/uploads\/2023\/10\/IMG_5571-scaled.jpg\u00bb custom_padding=\u00bb101px|||||\u00bb global_colors_info=\u00bb{}\u00bb][et_pb_row _builder_version=\u00bb4.23.2&#8243; _module_preset=\u00bbdefault\u00bb global_colors_info=\u00bb{}\u00bb][et_pb_column type=\u00bb4_4&#8243; _builder_version=\u00bb4.23.2&#8243; _module_preset=\u00bbdefault\u00bb background_color=\u00bbrgba(4,5,0,0)\u00bb use_background_color_gradient=\u00bbon\u00bb box_shadow_style=\u00bbpreset1&#8243; global_colors_info=\u00bb{}\u00bb][et_pb_cta title=\u00bbATENCI\u00d3N\u00bb button_url=\u00bbhttps:\/\/docs.google.com\/forms\/d\/e\/1FAIpQLSeU4VWCiwbn-uCD2K9F5ikgk6BJDaAmBVrLDsroBsjKxfBGoQ\/viewform?usp=sf_link\u00bb url_new_window=\u00bbon\u00bb button_text=\u00bbBoleta Digital\u00bb _builder_version=\u00bb4.23.2&#8243; _module_preset=\u00bbdefault\u00bb header_level=\u00bbh1&#8243; header_font=\u00bb|||on|||||\u00bb header_font_size=\u00bb32px\u00bb background_color=\u00bb#02acce\u00bb text_shadow_style=\u00bbpreset1&#8243; text_shadow_horizontal_length=\u00bb0.05em\u00bb global_colors_info=\u00bb{}\u00bb]<\/p>\n<p><span style=\"font-size: x-large;\"><strong>A PARTIR DE MARZO 2024 NO SE ENTREGAR\u00c1N BOLETAS IMPRESAS &#8211; <\/strong><\/span><span style=\"font-size: x-large;\"><strong>REGISTRATE AQU\u00cd PARA ASEGURARTE DE RECIBIR TU BOLETA DIGITAL.<\/strong><\/span><\/p>\n<p>[\/et_pb_cta][\/et_pb_column][\/et_pb_row][et_pb_row _builder_version=\u00bb4.22.1&#8243; _module_preset=\u00bbdefault\u00bb global_colors_info=\u00bb{}\u00bb][et_pb_column type=\u00bb4_4&#8243; _builder_version=\u00bb4.22.1&#8243; _module_preset=\u00bbdefault\u00bb global_colors_info=\u00bb{}\u00bb][et_pb_text _builder_version=\u00bb4.22.1&#8243; _module_preset=\u00bbdefault\u00bb header_2_font=\u00bb|700|||||||\u00bb header_2_text_color=\u00bb#FFFFFF\u00bb header_2_font_size=\u00bb3.5rem\u00bb header_3_font=\u00bb|600|||||||\u00bb header_3_text_color=\u00bb#FFFFFF\u00bb header_3_font_size=\u00bb1.5rem\u00bb custom_css_main_element=\u00bbdisplay: flex;||justify-content: center;||\u00bb global_colors_info=\u00bb{}\u00bb]<\/p>\n<h2>Cooperativa<br \/>de Agua Potable<\/h2>\n<h3>San Javier, Santa Fe<\/h3>\n<p>[\/et_pb_text][et_pb_button button_url=\u00bbhttps:\/\/migestarcoop.com.ar\/sanjaviersantafe\/login\u00bb url_new_window=\u00bbon\u00bb button_text=\u00bbOFICINA VIRTUAL\u00bb button_alignment=\u00bbcenter\u00bb _builder_version=\u00bb4.23.2&#8243; _module_preset=\u00bbdefault\u00bb custom_button=\u00bbon\u00bb button_text_color=\u00bb#FFFFFF\u00bb button_bg_color=\u00bb#284969&#8243; button_border_width=\u00bb0px\u00bb global_colors_info=\u00bb{}\u00bb][\/et_pb_button][\/et_pb_column][\/et_pb_row][\/et_pb_section][et_pb_section fb_built=\u00bb1&#8243; module_id=\u00bbquienes-somos\u00bb _builder_version=\u00bb4.22.1&#8243; _module_preset=\u00bbdefault\u00bb background_color=\u00bb#284969&#8243; background_enable_image=\u00bboff\u00bb custom_padding=\u00bb0px|||||\u00bb global_colors_info=\u00bb{}\u00bb][et_pb_row column_structure=\u00bb1_2,1_2&#8243; make_equal=\u00bbon\u00bb _builder_version=\u00bb4.23.2&#8243; _module_preset=\u00bbdefault\u00bb global_colors_info=\u00bb{}\u00bb][et_pb_column type=\u00bb1_2&#8243; _builder_version=\u00bb4.22.1&#8243; _module_preset=\u00bbdefault\u00bb global_colors_info=\u00bb{}\u00bb][et_pb_image src=\u00bbhttp:\/\/cooperativadeaguasj.com.ar\/wp-content\/uploads\/2023\/06\/quienes-somos.jpg\u00bb title_text=\u00bbquienes somos\u00bb _builder_version=\u00bb4.22.1&#8243; _module_preset=\u00bbdefault\u00bb global_colors_info=\u00bb{}\u00bb][\/et_pb_image][\/et_pb_column][et_pb_column type=\u00bb1_2&#8243; _builder_version=\u00bb4.22.1&#8243; _module_preset=\u00bbdefault\u00bb global_colors_info=\u00bb{}\u00bb][et_pb_text _builder_version=\u00bb4.22.1&#8243; _module_preset=\u00bbdefault\u00bb header_2_font=\u00bb|700|||||||\u00bb header_2_text_color=\u00bb#FFFFFF\u00bb header_2_font_size=\u00bb3.5rem\u00bb header_3_font=\u00bb|600|||||||\u00bb header_3_text_color=\u00bb#FFFFFF\u00bb header_3_font_size=\u00bb2.5rem\u00bb global_colors_info=\u00bb{}\u00bb]<\/p>\n<h3>Qui\u00e9nes somos<\/h3>\n<p><span style=\"color: #ffffff;\"><\/span><\/p>\n<blockquote>\n<p><span style=\"font-weight: 400; color: #ffffff;\">La Cooperativa de Provisi\u00f3n de Servicios P\u00fablicos, Asistenciales y de Vivienda de San Javier es una entidad sin fines de lucro fundada el 14 de noviembre de 1948, con el objetivo de satisfacer las necesidades b\u00e1sicas de la comunidad de San Javier de manera eficiente. Con m\u00e1s de 75 a\u00f1os de trayectoria, nuestra cooperativa se ha convertido en una referencia en la regi\u00f3n por la calidad de los servicios que brinda y por el compromiso con la comunidad.<\/span><\/p>\n<p><span style=\"color: #ffffff;\">\u00a0<\/span><\/p>\n<p><span style=\"font-weight: 400; color: #ffffff;\">Nos centramos en la provisi\u00f3n de agua potable a toda la ciudad de San Javier, lo que implica un compromiso con la calidad y la preservaci\u00f3n del medio ambiente. Adem\u00e1s, complementamos nuestra oferta con otros servicios como el de sepelio y venta de parcelas en el Cementerio Parque Mokoilek.<\/span><\/p>\n<\/blockquote>\n<p>[\/et_pb_text][\/et_pb_column][\/et_pb_row][\/et_pb_section][et_pb_section fb_built=\u00bb1&#8243; module_id=\u00bbservicios\u00bb _builder_version=\u00bb4.22.1&#8243; _module_preset=\u00bbdefault\u00bb background_color=\u00bb#7eadd3&#8243; background_enable_image=\u00bboff\u00bb custom_padding=\u00bb0px|||||\u00bb global_colors_info=\u00bb{}\u00bb][et_pb_row column_structure=\u00bb3_5,2_5&#8243; _builder_version=\u00bb4.22.1&#8243; _module_preset=\u00bbdefault\u00bb min_height=\u00bb112px\u00bb custom_margin=\u00bb|auto||auto|false|false\u00bb global_colors_info=\u00bb{}\u00bb][et_pb_column type=\u00bb3_5&#8243; _builder_version=\u00bb4.21.0&#8243; _module_preset=\u00bbdefault\u00bb global_colors_info=\u00bb{}\u00bb][et_pb_text _builder_version=\u00bb4.22.1&#8243; _module_preset=\u00bbdefault\u00bb header_2_font=\u00bb|700|||||||\u00bb header_2_text_color=\u00bb#FFFFFF\u00bb header_2_font_size=\u00bb3.5rem\u00bb header_3_font=\u00bb|600|||||||\u00bb header_3_text_color=\u00bb#FFFFFF\u00bb header_3_font_size=\u00bb1.5rem\u00bb global_colors_info=\u00bb{}\u00bb]<\/p>\n<h2 style=\"text-align: center;\">Nuestros servicios<\/h2>\n<p>[\/et_pb_text][et_pb_image src=\u00bbhttp:\/\/cooperativadeaguasj.com.ar\/wp-content\/uploads\/2023\/08\/IMG_4973-scaled.jpg\u00bb title_text=\u00bbIMG_4973&#8243; align=\u00bbcenter\u00bb force_fullwidth=\u00bbon\u00bb _builder_version=\u00bb4.22.1&#8243; _module_preset=\u00bbdefault\u00bb transform_scale=\u00bb99%|99%\u00bb transform_translate=\u00bb-5px|-5px\u00bb transform_origin=\u00bb50%|152%\u00bb max_height_last_edited=\u00bboff|desktop\u00bb custom_margin=\u00bb0px||||false|false\u00bb custom_padding=\u00bb0px||||false|false\u00bb animation_style=\u00bbfade\u00bb animation_duration=\u00bb1450ms\u00bb global_colors_info=\u00bb{}\u00bb][\/et_pb_image][\/et_pb_column][et_pb_column type=\u00bb2_5&#8243; _builder_version=\u00bb4.21.0&#8243; _module_preset=\u00bbdefault\u00bb global_colors_info=\u00bb{}\u00bb][et_pb_accordion open_toggle_text_color=\u00bb#0c71c3&#8243; open_toggle_background_color=\u00bb#FFFFFF\u00bb icon_color=\u00bb#0C71C3&#8243; _builder_version=\u00bb4.22.1&#8243; _module_preset=\u00bbdefault\u00bb toggle_level=\u00bbh3&#8243; toggle_font=\u00bb|600|||||||\u00bb global_colors_info=\u00bb{}\u00bb][et_pb_accordion_item title=\u00bb01 Agua Potable\u00bb open=\u00bbon\u00bb _builder_version=\u00bb4.22.1&#8243; _module_preset=\u00bbdefault\u00bb global_colors_info=\u00bb{}\u00bb]<\/p>\n<p><span style=\"font-weight: 400; color: #494949;\">Brindamos un servicio esencial de calidad, con procesos eficientes que garantizan la provisi\u00f3n de agua potable a toda la ciudad de San Javier.<\/span><\/p>\n<p><span style=\"font-weight: 400; color: #494949;\">Contamos con una red de distribuci\u00f3n que se extiende por toda la ciudad, y con un equipo de profesionales altamente capacitados que trabajan para garantizar la calidad del agua que reciben nuestros asociados.<\/span><\/p>\n<p>[\/et_pb_accordion_item][et_pb_accordion_item title=\u00bb02 Sepelio\u00bb _builder_version=\u00bb4.22.1&#8243; _module_preset=\u00bbdefault\u00bb global_colors_info=\u00bb{}\u00bb open=\u00bboff\u00bb]<\/p>\n<p><span style=\"font-weight: 400; color: #6b6b6b;\">En momentos dif\u00edciles, estamos a disposici\u00f3n de nuestros asociados para brindarles un servicio integral de sepelio, que incluye el traslado del cuerpo, el velatorio y el servicio de inhumaci\u00f3n. Nos preocupamos por ofrecer un servicio de calidad, y por estar al lado de nuestras familias en los momentos m\u00e1s dif\u00edciles.<\/span><\/p>\n<p>[\/et_pb_accordion_item][et_pb_accordion_item title=\u00bb03 Cementerio Parque Mokoilek\u00bb _builder_version=\u00bb4.22.1&#8243; _module_preset=\u00bbdefault\u00bb global_colors_info=\u00bb{}\u00bb open=\u00bboff\u00bb]<\/p>\n<p><span style=\"font-weight: 400; color: #565656;\">Ofrecemos parcelas, para que cada familia pueda elegir la que m\u00e1s se ajuste a sus necesidades. Nos preocupamos por mantener el cementerio en \u00f3ptimas condiciones, para ofrecer un espacio de descanso digno para nuestros seres queridos.<\/span><\/p>\n<p><span style=\"font-weight: 400; color: #565656;\"><\/span><\/p>\n<p><span style=\"font-weight: 400; color: #565656;\"><\/span><\/p>\n<p>[\/et_pb_accordion_item][\/et_pb_accordion][et_pb_button button_url=\u00bbhttps:\/\/cdn2.me-qr.com\/pdf\/17497200.pdf\u00bb url_new_window=\u00bbon\u00bb button_text=\u00bbReglamento Sepelio\u00bb button_alignment=\u00bbcenter\u00bb _builder_version=\u00bb4.22.1&#8243; _module_preset=\u00bbdefault\u00bb background_layout=\u00bbdark\u00bb global_colors_info=\u00bb{}\u00bb][\/et_pb_button][\/et_pb_column][\/et_pb_row][\/et_pb_section][et_pb_section fb_built=\u00bb1&#8243; module_id=\u00bbnoticias\u00bb _builder_version=\u00bb4.22.1&#8243; _module_preset=\u00bbdefault\u00bb global_colors_info=\u00bb{}\u00bb][et_pb_row _builder_version=\u00bb4.22.1&#8243; _module_preset=\u00bbdefault\u00bb global_colors_info=\u00bb{}\u00bb][et_pb_column type=\u00bb4_4&#8243; _builder_version=\u00bb4.21.0&#8243; _module_preset=\u00bbdefault\u00bb global_colors_info=\u00bb{}\u00bb][et_pb_text _builder_version=\u00bb4.22.1&#8243; _module_preset=\u00bbdefault\u00bb header_3_font=\u00bb|700|||||||\u00bb header_3_font_size=\u00bb2.5rem\u00bb global_colors_info=\u00bb{}\u00bb]<\/p>\n<h3 style=\"text-align: center;\"><span style=\"color: #284969;\">Noticias<\/span><\/h3>\n<p>[\/et_pb_text][\/et_pb_column][\/et_pb_row][et_pb_row _builder_version=\u00bb4.22.1&#8243; _module_preset=\u00bbdefault\u00bb global_colors_info=\u00bb{}\u00bb][et_pb_column type=\u00bb4_4&#8243; _builder_version=\u00bb4.21.0&#8243; _module_preset=\u00bbdefault\u00bb global_colors_info=\u00bb{}\u00bb][et_pb_blog fullwidth=\u00bboff\u00bb posts_number=\u00bb3&#8243; meta_date=\u00bbj %92d%92e F %92d%92e Y\u00bb show_author=\u00bboff\u00bb show_categories=\u00bboff\u00bb show_pagination=\u00bboff\u00bb _builder_version=\u00bb4.24.2&#8243; _module_preset=\u00bbdefault\u00bb border_radii_image=\u00bboff||||\u00bb global_colors_info=\u00bb{}\u00bb][\/et_pb_blog][\/et_pb_column][\/et_pb_row][\/et_pb_section]<\/p>\n","protected":false},"excerpt":{"rendered":"<p>A PARTIR DE MARZO 2024 NO SE ENTREGAR\u00c1N BOLETAS IMPRESAS &#8211; REGISTRATE AQU\u00cd PARA ASEGURARTE DE RECIBIR TU BOLETA DIGITAL.Cooperativade Agua Potable San Javier, Santa FeQui\u00e9nes somos La Cooperativa de Provisi\u00f3n de Servicios P\u00fablicos, Asistenciales y de Vivienda de San Javier es una entidad sin fines de lucro fundada el 14 de noviembre de 1948, [&hellip;]<\/p>\n","protected":false},"author":1,"featured_media":0,"parent":0,"menu_order":0,"comment_status":"closed","ping_status":"closed","template":"","meta":{"_et_pb_use_builder":"on","_et_pb_old_content":"","_et_gb_content_width":"","footnotes":""},"class_list":["post-8","page","type-page","status-publish","hentry"],"aioseo_notices":[],"_links":{"self":[{"href":"https:\/\/cooperativadeaguasj.com.ar\/index.php\/wp-json\/wp\/v2\/pages\/8","targetHints":{"allow":["GET"]}}],"collection":[{"href":"https:\/\/cooperativadeaguasj.com.ar\/index.php\/wp-json\/wp\/v2\/pages"}],"about":[{"href":"https:\/\/cooperativadeaguasj.com.ar\/index.php\/wp-json\/wp\/v2\/types\/page"}],"author":[{"embeddable":true,"href":"https:\/\/cooperativadeaguasj.com.ar\/index.php\/wp-json\/wp\/v2\/users\/1"}],"replies":[{"embeddable":true,"href":"https:\/\/cooperativadeaguasj.com.ar\/index.php\/wp-json\/wp\/v2\/comments?post=8"}],"version-history":[{"count":33,"href":"https:\/\/cooperativadeaguasj.com.ar\/index.php\/wp-json\/wp\/v2\/pages\/8\/revisions"}],"predecessor-version":[{"id":209,"href":"https:\/\/cooperativadeaguasj.com.ar\/index.php\/wp-json\/wp\/v2\/pages\/8\/revisions\/209"}],"wp:attachment":[{"href":"https:\/\/cooperativadeaguasj.com.ar\/index.php\/wp-json\/wp\/v2\/media?parent=8"}],"curies":[{"name":"wp","href":"https:\/\/api.w.org\/{rel}","templated":true}]}}